{"id":3284,"date":"2023-02-14T17:05:07","date_gmt":"2023-02-14T16:05:07","guid":{"rendered":"https:\/\/camping-saint-cyprien.com\/index\/"},"modified":"2025-05-13T10:03:05","modified_gmt":"2025-05-13T09:03:05","slug":"index","status":"publish","type":"page","link":"https:\/\/camping-saint-cyprien.com\/en\/","title":{"rendered":"Accueil"},"content":{"rendered":"","protected":false},"excerpt":{"rendered":"","protected":false},"author":1,"featured_media":2546,"parent":0,"menu_order":0,"comment_status":"closed","ping_status":"closed","template":"","meta":{"_acf_changed":false,"_et_pb_use_builder":"","_et_pb_old_content":"","_et_gb_content_width":"","footnotes":""},"class_list":["post-3284","page","type-page","status-publish","has-post-thumbnail","hentry"],"acf":[],"yoast_head":"<!-- This site is optimized with the Yoast SEO plugin v27.3 - https:\/\/yoast.com\/product\/yoast-seo-wordpress\/ -->\n<title>Accueil - Camping Le Bosc<\/title>\n<meta name=\"description\" content=\"D\u00e9couvrez le Camping Le Bosc, 4* \u00e0 Saint-Cyprien. Plongez dans un univers de d\u00e9tente et d&#039;aventure, id\u00e9al pour des vacances en famille !\" \/>\n<meta name=\"robots\" content=\"index, follow, max-snippet:-1, max-image-preview:large, max-video-preview:-1\" \/>\n<link rel=\"canonical\" href=\"https:\/\/camping-saint-cyprien.com\/en\/\" \/>\n<meta property=\"og:locale\" content=\"en_US\" \/>\n<meta property=\"og:type\" content=\"article\" \/>\n<meta property=\"og:title\" content=\"Accueil - Camping Le Bosc\" \/>\n<meta property=\"og:description\" content=\"D\u00e9couvrez le Camping Le Bosc, 4* \u00e0 Saint-Cyprien. Plongez dans un univers de d\u00e9tente et d&#039;aventure, id\u00e9al pour des vacances en famille !\" \/>\n<meta property=\"og:url\" content=\"https:\/\/camping-saint-cyprien.com\/en\/\" \/>\n<meta property=\"og:site_name\" content=\"Camping Le Bosc\" \/>\n<meta property=\"article:modified_time\" content=\"2025-05-13T09:03:05+00:00\" \/>\n<meta property=\"og:image\" content=\"https:\/\/camping-saint-cyprien.com\/wp-content\/uploads\/2025\/04\/Camping-le-bosc-piscine.jpg\" \/>\n\t<meta property=\"og:image:width\" content=\"1920\" \/>\n\t<meta property=\"og:image:height\" content=\"1279\" \/>\n\t<meta property=\"og:image:type\" content=\"image\/jpeg\" \/>\n<meta name=\"twitter:card\" content=\"summary_large_image\" \/>\n<script type=\"application\/ld+json\" class=\"yoast-schema-graph\">{\"@context\":\"https:\\\/\\\/schema.org\",\"@graph\":[{\"@type\":\"WebPage\",\"@id\":\"https:\\\/\\\/camping-saint-cyprien.com\\\/en\\\/\",\"url\":\"https:\\\/\\\/camping-saint-cyprien.com\\\/en\\\/\",\"name\":\"Accueil - Camping Le Bosc\",\"isPartOf\":{\"@id\":\"https:\\\/\\\/camping-saint-cyprien.com\\\/en\\\/#website\"},\"primaryImageOfPage\":{\"@id\":\"https:\\\/\\\/camping-saint-cyprien.com\\\/en\\\/#primaryimage\"},\"image\":{\"@id\":\"https:\\\/\\\/camping-saint-cyprien.com\\\/en\\\/#primaryimage\"},\"thumbnailUrl\":\"https:\\\/\\\/camping-saint-cyprien.com\\\/wp-content\\\/uploads\\\/2025\\\/04\\\/Camping-le-bosc-piscine.jpg\",\"datePublished\":\"2023-02-14T16:05:07+00:00\",\"dateModified\":\"2025-05-13T09:03:05+00:00\",\"description\":\"D\u00e9couvrez le Camping Le Bosc, 4* \u00e0 Saint-Cyprien. Plongez dans un univers de d\u00e9tente et d'aventure, id\u00e9al pour des vacances en famille !\",\"breadcrumb\":{\"@id\":\"https:\\\/\\\/camping-saint-cyprien.com\\\/en\\\/#breadcrumb\"},\"inLanguage\":\"en-US\",\"potentialAction\":[{\"@type\":\"ReadAction\",\"target\":[\"https:\\\/\\\/camping-saint-cyprien.com\\\/en\\\/\"]}]},{\"@type\":\"ImageObject\",\"inLanguage\":\"en-US\",\"@id\":\"https:\\\/\\\/camping-saint-cyprien.com\\\/en\\\/#primaryimage\",\"url\":\"https:\\\/\\\/camping-saint-cyprien.com\\\/wp-content\\\/uploads\\\/2025\\\/04\\\/Camping-le-bosc-piscine.jpg\",\"contentUrl\":\"https:\\\/\\\/camping-saint-cyprien.com\\\/wp-content\\\/uploads\\\/2025\\\/04\\\/Camping-le-bosc-piscine.jpg\",\"width\":1920,\"height\":1279},{\"@type\":\"BreadcrumbList\",\"@id\":\"https:\\\/\\\/camping-saint-cyprien.com\\\/en\\\/#breadcrumb\",\"itemListElement\":[{\"@type\":\"ListItem\",\"position\":1,\"name\":\"Accueil\",\"item\":\"https:\\\/\\\/camping-saint-cyprien.com\\\/en\\\/\"},{\"@type\":\"ListItem\",\"position\":2,\"name\":\"Accueil\"}]},{\"@type\":\"WebSite\",\"@id\":\"https:\\\/\\\/camping-saint-cyprien.com\\\/en\\\/#website\",\"url\":\"https:\\\/\\\/camping-saint-cyprien.com\\\/en\\\/\",\"name\":\"Camping Le Bosc\",\"description\":\"\",\"potentialAction\":[{\"@type\":\"SearchAction\",\"target\":{\"@type\":\"EntryPoint\",\"urlTemplate\":\"https:\\\/\\\/camping-saint-cyprien.com\\\/en\\\/?s={search_term_string}\"},\"query-input\":{\"@type\":\"PropertyValueSpecification\",\"valueRequired\":true,\"valueName\":\"search_term_string\"}}],\"inLanguage\":\"en-US\"}]}<\/script>\n<!-- \/ Yoast SEO plugin. -->","yoast_head_json":{"title":"Accueil - Camping Le Bosc","description":"D\u00e9couvrez le Camping Le Bosc, 4* \u00e0 Saint-Cyprien. Plongez dans un univers de d\u00e9tente et d'aventure, id\u00e9al pour des vacances en famille !","robots":{"index":"index","follow":"follow","max-snippet":"max-snippet:-1","max-image-preview":"max-image-preview:large","max-video-preview":"max-video-preview:-1"},"canonical":"https:\/\/camping-saint-cyprien.com\/en\/","og_locale":"en_US","og_type":"article","og_title":"Accueil - Camping Le Bosc","og_description":"D\u00e9couvrez le Camping Le Bosc, 4* \u00e0 Saint-Cyprien. Plongez dans un univers de d\u00e9tente et d'aventure, id\u00e9al pour des vacances en famille !","og_url":"https:\/\/camping-saint-cyprien.com\/en\/","og_site_name":"Camping Le Bosc","article_modified_time":"2025-05-13T09:03:05+00:00","og_image":[{"width":1920,"height":1279,"url":"https:\/\/camping-saint-cyprien.com\/wp-content\/uploads\/2025\/04\/Camping-le-bosc-piscine.jpg","type":"image\/jpeg"}],"twitter_card":"summary_large_image","schema":{"@context":"https:\/\/schema.org","@graph":[{"@type":"WebPage","@id":"https:\/\/camping-saint-cyprien.com\/en\/","url":"https:\/\/camping-saint-cyprien.com\/en\/","name":"Accueil - Camping Le Bosc","isPartOf":{"@id":"https:\/\/camping-saint-cyprien.com\/en\/#website"},"primaryImageOfPage":{"@id":"https:\/\/camping-saint-cyprien.com\/en\/#primaryimage"},"image":{"@id":"https:\/\/camping-saint-cyprien.com\/en\/#primaryimage"},"thumbnailUrl":"https:\/\/camping-saint-cyprien.com\/wp-content\/uploads\/2025\/04\/Camping-le-bosc-piscine.jpg","datePublished":"2023-02-14T16:05:07+00:00","dateModified":"2025-05-13T09:03:05+00:00","description":"D\u00e9couvrez le Camping Le Bosc, 4* \u00e0 Saint-Cyprien. Plongez dans un univers de d\u00e9tente et d'aventure, id\u00e9al pour des vacances en famille !","breadcrumb":{"@id":"https:\/\/camping-saint-cyprien.com\/en\/#breadcrumb"},"inLanguage":"en-US","potentialAction":[{"@type":"ReadAction","target":["https:\/\/camping-saint-cyprien.com\/en\/"]}]},{"@type":"ImageObject","inLanguage":"en-US","@id":"https:\/\/camping-saint-cyprien.com\/en\/#primaryimage","url":"https:\/\/camping-saint-cyprien.com\/wp-content\/uploads\/2025\/04\/Camping-le-bosc-piscine.jpg","contentUrl":"https:\/\/camping-saint-cyprien.com\/wp-content\/uploads\/2025\/04\/Camping-le-bosc-piscine.jpg","width":1920,"height":1279},{"@type":"BreadcrumbList","@id":"https:\/\/camping-saint-cyprien.com\/en\/#breadcrumb","itemListElement":[{"@type":"ListItem","position":1,"name":"Accueil","item":"https:\/\/camping-saint-cyprien.com\/en\/"},{"@type":"ListItem","position":2,"name":"Accueil"}]},{"@type":"WebSite","@id":"https:\/\/camping-saint-cyprien.com\/en\/#website","url":"https:\/\/camping-saint-cyprien.com\/en\/","name":"Camping Le Bosc","description":"","potentialAction":[{"@type":"SearchAction","target":{"@type":"EntryPoint","urlTemplate":"https:\/\/camping-saint-cyprien.com\/en\/?s={search_term_string}"},"query-input":{"@type":"PropertyValueSpecification","valueRequired":true,"valueName":"search_term_string"}}],"inLanguage":"en-US"}]}},"_links":{"self":[{"href":"https:\/\/camping-saint-cyprien.com\/en\/wp-json\/wp\/v2\/pages\/3284","targetHints":{"allow":["GET"]}}],"collection":[{"href":"https:\/\/camping-saint-cyprien.com\/en\/wp-json\/wp\/v2\/pages"}],"about":[{"href":"https:\/\/camping-saint-cyprien.com\/en\/wp-json\/wp\/v2\/types\/page"}],"author":[{"embeddable":true,"href":"https:\/\/camping-saint-cyprien.com\/en\/wp-json\/wp\/v2\/users\/1"}],"replies":[{"embeddable":true,"href":"https:\/\/camping-saint-cyprien.com\/en\/wp-json\/wp\/v2\/comments?post=3284"}],"version-history":[{"count":0,"href":"https:\/\/camping-saint-cyprien.com\/en\/wp-json\/wp\/v2\/pages\/3284\/revisions"}],"wp:featuredmedia":[{"embeddable":true,"href":"https:\/\/camping-saint-cyprien.com\/en\/wp-json\/wp\/v2\/media\/2546"}],"wp:attachment":[{"href":"https:\/\/camping-saint-cyprien.com\/en\/wp-json\/wp\/v2\/media?parent=3284"}],"curies":[{"name":"wp","href":"https:\/\/api.w.org\/{rel}","templated":true}]}}